{"id":46,"date":"2010-12-22T11:21:27","date_gmt":"2010-12-22T10:21:27","guid":{"rendered":"http:\/\/uebersetzungsbuero-pfauter.de\/wp\/"},"modified":"2018-10-25T11:59:04","modified_gmt":"2018-10-25T10:59:04","slug":"impressum","status":"publish","type":"page","link":"https:\/\/uebersetzungsbuero-pfauter.de\/wp\/impressum\/","title":{"rendered":"Impressum"},"content":{"rendered":"<h2>uebersetzungsbuero-pfauter.de<\/h2>\n<p>Verantwortlich f\u00fcr den Inhalt ist<\/p>\n<p>Anke Pfauter<br \/>\nRo\u00dfbacher Str. 31<br \/>\nD-06667 Wei\u00dfenfels<\/p>\n<table>\n<tbody>\n<tr>\n<td width=\"100\">Telefon\/Fax:<br \/>\nFunk:<br \/>\nE-Mail:<br \/>\nUSt-ID:<\/td>\n<td>+49 (0)3443 20 88 29<br \/>\n+49 (0)172 795 12 32<br \/>\nanke.pfauter@t-online.de<br \/>\nDE 179 271 616<\/td>\n<\/tr>\n<\/tbody>\n<\/table>\n<h3>Nutzungsbedingungen<\/h3>\n<p>1. Inhalt des Online-Angebotes<br \/>\nDas \u00dcbersetzungsb\u00fcro Anke Pfauter \u00fcbernimmt keinerlei Gew\u00e4hr f\u00fcr die Aktualit\u00e4t, Korrektheit oder Qualit\u00e4t der bereitgestellten Informationen.<br \/>\nHaftungsanspr\u00fcche, welche durch die Nutzung oder Nichtnutzung der angebotenen Informationen bzw. durch die Nutzung fehlerhafter und unvollst\u00e4ndiger Informationen verursacht wurden, sind grunds\u00e4tzlich ausgeschlossen, sofern seitens des \u00dcbersetzungsb\u00fcros Anke Pfauter kein nachweislich vors\u00e4tzliches oder grob fahrl\u00e4ssiges Verschulden vorliegt. Alle Angebote sind freibleibend und unverbindlich.<\/p>\n<p>2. Verlinkungen<br \/>\nZum Zeitpunkt der Linksetzung waren keine illegalen Inhalte auf den zu verlinkenden Seiten erkennbar.<\/p>\n<p>3. Urheber- und Kennzeichenrecht<br \/>\nDas \u00dcbersetzungsb\u00fcro Anke Pfauter ist bestrebt, in allen Publikationen die Urheberrechte der verwendeten multimedialen Bestandteile zu beachten,<br \/>\nAlle innerhalb des Internetangebotes genannten und ggf. durch Dritte gesch\u00fctzten Marken- und Warenzeichen unterliegen uneingeschr\u00e4nkt den Bestimmungen des jeweils g\u00fcltigen Kennzeichenrechts und den Besitzrechten der jeweiligen eingetragenen Eigent\u00fcmer. Die blo\u00dfe Nennung impliziert nicht den Schluss, dass Markenzeichen nicht durch Rechte Dritter gesch\u00fctzt sind! Das Copyright f\u00fcr ver\u00f6ffentlichte, vom \u00dcbersetzungsb\u00fcro Anke Pfauter selbst erstellten Bestandteile bleibt allein beim \u00dcbersetzungsb\u00fcro Anke Pfauter.<\/p>\n<p>4. Datenschutz<br \/>\nSiehe <a href=\"http:\/\/uebersetzungsbuero-pfauter.de\/wp\/datenschutz\/\">Datenschutzerkl\u00e4rung<\/a>.<\/p>\n<p>5. Rechtswirksamkeit dieser Nutzungsbedingungen<br \/>\nDieser Haftungsausschluss ist als Teil des Internetangebotes zu betrachten, von dem aus auf diese Seite verwiesen wurde. Sofern Teile oder einzelne Formulierungen dieses Textes der geltenden Rechtslage nicht, nicht mehr oder nicht vollst\u00e4ndig entsprechen sollten, bleiben die \u00fcbrigen Teile des Dokumentes in ihrem Inhalt und ihrer G\u00fcltigkeit davon unber\u00fchrt.<\/p>\n","protected":false},"excerpt":{"rendered":"<p>uebersetzungsbuero-pfauter.de Verantwortlich f\u00fcr den Inhalt ist Anke Pfauter Ro\u00dfbacher Str. 31 D-06667 Wei\u00dfenfels Telefon\/Fax: Funk: E-Mail: USt-ID: +49 (0)3443 20 88 29 +49 (0)172 795 12 32 anke.pfauter@t-online.de DE 179 271 616 Nutzungsbedingungen 1. Inhalt des Online-Angebotes Das \u00dcbersetzungsb\u00fcro Anke Pfauter \u00fcbernimmt keinerlei Gew\u00e4hr f\u00fcr die Aktualit\u00e4t, Korrektheit oder Qualit\u00e4t der bereitgestellten Informationen. Haftungsanspr\u00fcche, welche [&hellip;]<\/p>\n","protected":false},"author":1,"featured_media":0,"parent":0,"menu_order":80,"comment_status":"closed","ping_status":"closed","template":"","meta":[],"_links":{"self":[{"href":"https:\/\/uebersetzungsbuero-pfauter.de\/wp\/wp-json\/wp\/v2\/pages\/46"}],"collection":[{"href":"https:\/\/uebersetzungsbuero-pfauter.de\/wp\/wp-json\/wp\/v2\/pages"}],"about":[{"href":"https:\/\/uebersetzungsbuero-pfauter.de\/wp\/wp-json\/wp\/v2\/types\/page"}],"author":[{"embeddable":true,"href":"https:\/\/uebersetzungsbuero-pfauter.de\/wp\/wp-json\/wp\/v2\/users\/1"}],"replies":[{"embeddable":true,"href":"https:\/\/uebersetzungsbuero-pfauter.de\/wp\/wp-json\/wp\/v2\/comments?post=46"}],"version-history":[{"count":6,"href":"https:\/\/uebersetzungsbuero-pfauter.de\/wp\/wp-json\/wp\/v2\/pages\/46\/revisions"}],"predecessor-version":[{"id":110,"href":"https:\/\/uebersetzungsbuero-pfauter.de\/wp\/wp-json\/wp\/v2\/pages\/46\/revisions\/110"}],"wp:attachment":[{"href":"https:\/\/uebersetzungsbuero-pfauter.de\/wp\/wp-json\/wp\/v2\/media?parent=46"}],"curies":[{"name":"wp","href":"https:\/\/api.w.org\/{rel}","templated":true}]}}